{"id":74,"date":"2015-03-03T02:10:34","date_gmt":"2015-03-03T02:10:34","guid":{"rendered":"http:\/\/wp\/enfold-shop\/?page_id=74"},"modified":"2019-04-22T14:57:52","modified_gmt":"2019-04-22T10:57:52","slug":"espace","status":"publish","type":"page","link":"https:\/\/lakazart.com\/fr\/espace\/","title":{"rendered":"L&rsquo;Espace"},"content":{"rendered":"<div id='sectitre'  class='avia-section av-jslaylb6-9caa8633f0eb5b045a2f155248a3e854 main_color avia-section-no-padding avia-no-border-styling  avia-builder-el-0  el_before_av_layout_row  avia-builder-el-first  avia-bg-style-scroll container_wrap fullsize'  ><div class='container av-section-cont-open' ><main  role=\"main\" itemprop=\"mainContentOfPage\"  class='template-page content  av-content-full alpha units'><div class='post-entry post-entry-type-page post-entry-74'><div class='entry-content-wrapper clearfix'>\n\n<style type=\"text\/css\" data-created_by=\"avia_inline_auto\" id=\"style-css-av-jslawdku-309d86454738749d41ede4f6884bfbba\">\n#top .av-special-heading.av-jslawdku-309d86454738749d41ede4f6884bfbba{\nmargin:20px 0 0 0;\npadding-bottom:10px;\n}\nbody .av-special-heading.av-jslawdku-309d86454738749d41ede4f6884bfbba .av-special-heading-tag .heading-char{\nfont-size:25px;\n}\n.av-special-heading.av-jslawdku-309d86454738749d41ede4f6884bfbba .av-subheading{\nfont-size:15px;\n}\n<\/style>\n<div  class='av-special-heading av-jslawdku-309d86454738749d41ede4f6884bfbba av-special-heading-h1 blockquote modern-quote modern-centered  avia-builder-el-1  el_before_av_hr  avia-builder-el-first '><h1 class='av-special-heading-tag'  itemprop=\"headline\"  >L\u2019Espace<\/h1><div class=\"special-heading-border\"><div class=\"special-heading-inner-border\"><\/div><\/div><\/div>\n\n<\/div><\/div><\/main><!-- close content main element --><\/div><\/div><div id='av-layout-grid-1'  class='av-layout-grid-container av-jskbvb8j-fd157700c73c317641ee71abeac67b67 entry-content-wrapper main_color av-border-top-bottom av-border-cells av-flex-cells  lespace  container_wrap fullsize'  >\n\n<style type=\"text\/css\" data-created_by=\"avia_inline_auto\" id=\"style-css-av-jskbw20o-c746aa1f1ffb9c9810ca2708537cf43a\">\n.flex_cell.av-jskbw20o-c746aa1f1ffb9c9810ca2708537cf43a{\nvertical-align:middle;\nheight:500px;\nmin-height:500px;\nbackground:url(https:\/\/lakazart.com\/wp-content\/uploads\/2019\/01\/lakazdart-office2.jpg?v=1698060207) 50% 50% no-repeat fixed ;\n}\n.responsive #top #wrap_all .flex_cell.av-jskbw20o-c746aa1f1ffb9c9810ca2708537cf43a{\npadding:30px 30px 30px 30px !important;\n}\n<\/style>\n<div class='flex_cell av-jskbw20o-c746aa1f1ffb9c9810ca2708537cf43a av-gridrow-cell av_one_half no_margin avia-full-stretch'  ><div class='flex_cell_inner'>\n<style type=\"text\/css\" data-created_by=\"avia_inline_auto\" id=\"style-css-av-5e1e-0d04ac9c062c57b6cfcfff1857adede9\">\n#top .av-special-heading.av-5e1e-0d04ac9c062c57b6cfcfff1857adede9{\npadding-bottom:0;\n}\nbody .av-special-heading.av-5e1e-0d04ac9c062c57b6cfcfff1857adede9 .av-special-heading-tag .heading-char{\nfont-size:25px;\n}\n.av-special-heading.av-5e1e-0d04ac9c062c57b6cfcfff1857adede9 .av-subheading{\nfont-size:15px;\n}\n<\/style>\n<div  class='av-special-heading av-5e1e-0d04ac9c062c57b6cfcfff1857adede9 av-special-heading-h3 blockquote modern-quote modern-centered  menulespace av-linked-heading'><h3 class='av-special-heading-tag'  itemprop=\"headline\"  ><a class=\"av-heading-link\" href=\"#salle\" >R\u00e9server la salle<\/a><\/h3><div class=\"special-heading-border\"><div class=\"special-heading-inner-border\"><\/div><\/div><\/div>\n<\/div><\/div>\n<style type=\"text\/css\" data-created_by=\"avia_inline_auto\" id=\"style-css-av-jskbysnw-caf62061f73722b7993183d32a632e38\">\n.flex_cell.av-jskbysnw-caf62061f73722b7993183d32a632e38{\nvertical-align:middle;\nheight:500px;\nmin-height:500px;\nbackground:url(https:\/\/lakazart.com\/wp-content\/uploads\/2019\/02\/carre-accueil4.jpg?v=1698060201) 50% 50% no-repeat fixed ;\n}\n.responsive #top #wrap_all .flex_cell.av-jskbysnw-caf62061f73722b7993183d32a632e38{\npadding:30px 30px 30px 30px !important;\n}\n<\/style>\n<div class='flex_cell av-jskbysnw-caf62061f73722b7993183d32a632e38 av-gridrow-cell av_one_half no_margin avia-full-stretch'  ><div class='flex_cell_inner'>\n<style type=\"text\/css\" data-created_by=\"avia_inline_auto\" id=\"style-css-av-v1sy-424fcb7c1a69cca1ad69997cf17f1e6e\">\n#top .av-special-heading.av-v1sy-424fcb7c1a69cca1ad69997cf17f1e6e{\npadding-bottom:0;\n}\nbody .av-special-heading.av-v1sy-424fcb7c1a69cca1ad69997cf17f1e6e .av-special-heading-tag .heading-char{\nfont-size:25px;\n}\n.av-special-heading.av-v1sy-424fcb7c1a69cca1ad69997cf17f1e6e .av-subheading{\nfont-size:15px;\n}\n<\/style>\n<div  class='av-special-heading av-v1sy-424fcb7c1a69cca1ad69997cf17f1e6e av-special-heading-h3 blockquote modern-quote modern-centered  menulespace av-linked-heading'><h3 class='av-special-heading-tag'  itemprop=\"headline\"  ><a class=\"av-heading-link\" href=\"#studio\" >Louer un studio d\u2019artiste<\/a><\/h3><div class=\"special-heading-border\"><div class=\"special-heading-inner-border\"><\/div><\/div><\/div>\n<\/div><\/div>\n<\/div>\n<\/div><\/div><\/div><!-- close content main div --><\/div><\/div><div id='salle'  class='avia-section av-js1gj6ws-5ad9a5e5f00b4a6a89973ce9940d70e2 main_color avia-section-huge avia-no-border-styling avia-bg-style-scroll container_wrap fullsize'  ><div class='container av-section-cont-open' ><div class='template-page content  av-content-full alpha units'><div class='post-entry post-entry-type-page post-entry-74'><div class='entry-content-wrapper clearfix'>\n<div class='flex_column_table av-js1ggb1a-7d1f69f416f96d5d49b12a42541c7dfb sc-av_one_half av-equal-height-column-flextable'>\n<style type=\"text\/css\" data-created_by=\"avia_inline_auto\" id=\"style-css-av-js1ggb1a-7d1f69f416f96d5d49b12a42541c7dfb\">\n.flex_column.av-js1ggb1a-7d1f69f416f96d5d49b12a42541c7dfb{\nborder-radius:0px 0px 0px 0px;\npadding:0px 0px 0px 0px;\n}\n<\/style>\n<div  class='flex_column av-js1ggb1a-7d1f69f416f96d5d49b12a42541c7dfb av_one_half first flex_column_table_cell av-equal-height-column av-align-middle av-zero-column-padding  '     ><style type=\"text\/css\" data-created_by=\"avia_inline_auto\" id=\"style-css-av-av_heading-4050fd56bf6b6396eb80e45fb363a540\">\n#top .av-special-heading.av-av_heading-4050fd56bf6b6396eb80e45fb363a540{\npadding-bottom:10px;\n}\nbody .av-special-heading.av-av_heading-4050fd56bf6b6396eb80e45fb363a540 .av-special-heading-tag .heading-char{\nfont-size:25px;\n}\n.av-special-heading.av-av_heading-4050fd56bf6b6396eb80e45fb363a540 .av-subheading{\nfont-size:15px;\n}\n<\/style>\n<div  class='av-special-heading av-av_heading-4050fd56bf6b6396eb80e45fb363a540 av-special-heading-h2 blockquote modern-quote'><div class='av-subheading av-subheading_above'><p>R\u00e9server<\/p>\n<\/div><h2 class='av-special-heading-tag'  itemprop=\"headline\"  >La Salle<\/h2><div class=\"special-heading-border\"><div class=\"special-heading-inner-border\"><\/div><\/div><\/div><\/div><\/div><!--close column table wrapper. Autoclose: 1 --><div class='flex_column_table av-js1ggb1a-c4c74aa7c44c1eb826a9568f10c88900 sc-av_one_half av-equal-height-column-flextable'><div class='av-flex-placeholder'><\/div>\n<style type=\"text\/css\" data-created_by=\"avia_inline_auto\" id=\"style-css-av-js1ggb1a-c4c74aa7c44c1eb826a9568f10c88900\">\n.flex_column.av-js1ggb1a-c4c74aa7c44c1eb826a9568f10c88900{\nborder-radius:20px 20px 20px 20px;\npadding:20px 20px 20px 20px;\n}\n<\/style>\n<div  class='flex_column av-js1ggb1a-c4c74aa7c44c1eb826a9568f10c88900 av_one_half flex_column_table_cell av-equal-height-column av-align-middle  '     ><section  class='av_textblock_section av-js1gg4je-e60d10e1fb5daf2982abb35d441954f5 '   itemscope=\"itemscope\" itemtype=\"https:\/\/schema.org\/CreativeWork\" ><div class='avia_textblock'  itemprop=\"text\" ><p><span style=\"font-weight: 400;\">Besoin d\u2019un espace climatis\u00e9 et flexible pour une r\u00e9union, a company offsite, un \u00e9v\u00e8nement en particulier? Demandez \u00e0 louer notre espace pour une heure ou m\u00eame plusieurs jours. <\/span><\/p>\n<\/div><\/section><\/div><\/div><!--close column table wrapper. Autoclose: 1 -->\n<style type=\"text\/css\" data-created_by=\"avia_inline_auto\" id=\"style-css-av-js2vvrlx-c2540fb2d11a12a2e3b73bb07a8590af\">\n.flex_column.av-js2vvrlx-c2540fb2d11a12a2e3b73bb07a8590af{\nborder-radius:0px 0px 0px 0px;\npadding:0px 0px 0px 0px;\n}\n<\/style>\n<div  class='flex_column av-js2vvrlx-c2540fb2d11a12a2e3b73bb07a8590af av_one_third  images first flex_column_div av-zero-column-padding  '     ><style type=\"text\/css\" data-created_by=\"avia_inline_auto\" id=\"style-css-av-js2vfiys-30f5a12b8df84bbcbd10ac933832b002\">\n.avia-image-container.av-js2vfiys-30f5a12b8df84bbcbd10ac933832b002 img.avia_image{\nbox-shadow:none;\n}\n.avia-image-container.av-js2vfiys-30f5a12b8df84bbcbd10ac933832b002 .av-image-caption-overlay-center{\ncolor:#ffffff;\n}\n<\/style>\n<div  class='avia-image-container av-js2vfiys-30f5a12b8df84bbcbd10ac933832b002 av-styling- avia-align-center'   itemprop=\"image\" itemscope=\"itemscope\" itemtype=\"https:\/\/schema.org\/ImageObject\" ><div class=\"avia-image-container-inner\"><div class=\"avia-image-overlay-wrap\"><img class='wp-image-732 avia-img-lazy-loading-not-732 avia_image ' src='https:\/\/lakazart.com\/wp-content\/uploads\/2019\/02\/carre-accueil5.jpg?v=1698060202' alt='' title='carre-accueil5'  height=\"600\" width=\"600\"  itemprop=\"thumbnailUrl\"  \/><\/div><\/div><\/div><\/div>\n<style type=\"text\/css\" data-created_by=\"avia_inline_auto\" id=\"style-css-av-hf8mw-5c5172eda287a2cddc4ec41f722f66d2\">\n.flex_column.av-hf8mw-5c5172eda287a2cddc4ec41f722f66d2{\nborder-radius:0px 0px 0px 0px;\npadding:0px 0px 0px 0px;\n}\n<\/style>\n<div  class='flex_column av-hf8mw-5c5172eda287a2cddc4ec41f722f66d2 av_one_third  images flex_column_div av-zero-column-padding  '     ><style type=\"text\/css\" data-created_by=\"avia_inline_auto\" id=\"style-css-av-js2vfiys-01a8c90dfb26af5b4c3d9646672ff224\">\n.avia-image-container.av-js2vfiys-01a8c90dfb26af5b4c3d9646672ff224 img.avia_image{\nbox-shadow:none;\n}\n.avia-image-container.av-js2vfiys-01a8c90dfb26af5b4c3d9646672ff224 .av-image-caption-overlay-center{\ncolor:#ffffff;\n}\n<\/style>\n<div  class='avia-image-container av-js2vfiys-01a8c90dfb26af5b4c3d9646672ff224 av-styling- avia-align-center'   itemprop=\"image\" itemscope=\"itemscope\" itemtype=\"https:\/\/schema.org\/ImageObject\" ><div class=\"avia-image-container-inner\"><div class=\"avia-image-overlay-wrap\"><img class='wp-image- avia-img-lazy-loading-not- avia_image ' src='https:\/\/lakazdart.pongo.io\/wp-content\/uploads\/2019\/02\/carre-accueil2.jpg' alt='' title=''   itemprop=\"thumbnailUrl\"  \/><\/div><\/div><\/div><\/div>\n<style type=\"text\/css\" data-created_by=\"avia_inline_auto\" id=\"style-css-av-7e2bk-7716c97bbd38050ccba9b95321012217\">\n.flex_column.av-7e2bk-7716c97bbd38050ccba9b95321012217{\nborder-radius:0px 0px 0px 0px;\npadding:0px 0px 0px 0px;\n}\n<\/style>\n<div  class='flex_column av-7e2bk-7716c97bbd38050ccba9b95321012217 av_one_third  images flex_column_div av-zero-column-padding  '     ><style type=\"text\/css\" data-created_by=\"avia_inline_auto\" id=\"style-css-av-js2vfiys-0207ac435451a90017a09c6a9307b7e9\">\n.avia-image-container.av-js2vfiys-0207ac435451a90017a09c6a9307b7e9 img.avia_image{\nbox-shadow:none;\n}\n.avia-image-container.av-js2vfiys-0207ac435451a90017a09c6a9307b7e9 .av-image-caption-overlay-center{\ncolor:#ffffff;\n}\n<\/style>\n<div  class='avia-image-container av-js2vfiys-0207ac435451a90017a09c6a9307b7e9 av-styling- avia-align-center'   itemprop=\"image\" itemscope=\"itemscope\" itemtype=\"https:\/\/schema.org\/ImageObject\" ><div class=\"avia-image-container-inner\"><div class=\"avia-image-overlay-wrap\"><img class='wp-image-731 avia-img-lazy-loading-not-731 avia_image ' src='https:\/\/lakazart.com\/wp-content\/uploads\/2019\/02\/carre-accueil3.jpg?v=1698060203' alt='' title='carre-accueil3'  height=\"600\" width=\"600\"  itemprop=\"thumbnailUrl\"  \/><\/div><\/div><\/div><\/div><div class='flex_column_table av-js1ggb1a-7d1f69f416f96d5d49b12a42541c7dfb sc-av_one_half av-equal-height-column-flextable'>\n<style type=\"text\/css\" data-created_by=\"avia_inline_auto\" id=\"style-css-av-js1ggb1a-7d1f69f416f96d5d49b12a42541c7dfb\">\n.flex_column.av-js1ggb1a-7d1f69f416f96d5d49b12a42541c7dfb{\nborder-radius:0px 0px 0px 0px;\npadding:0px 0px 0px 0px;\n}\n<\/style>\n<div  class='flex_column av-js1ggb1a-7d1f69f416f96d5d49b12a42541c7dfb av_one_half first flex_column_table_cell av-equal-height-column av-align-middle av-zero-column-padding  '     ><style type=\"text\/css\" data-created_by=\"avia_inline_auto\" id=\"style-css-av-av_heading-f317228f20e441c777906985a7182302\">\n#top .av-special-heading.av-av_heading-f317228f20e441c777906985a7182302{\npadding-bottom:10px;\n}\nbody .av-special-heading.av-av_heading-f317228f20e441c777906985a7182302 .av-special-heading-tag .heading-char{\nfont-size:25px;\n}\n.av-special-heading.av-av_heading-f317228f20e441c777906985a7182302 .av-subheading{\nfont-size:15px;\n}\n<\/style>\n<div  class='av-special-heading av-av_heading-f317228f20e441c777906985a7182302 av-special-heading-h2 blockquote modern-quote'><div class='av-subheading av-subheading_above'><p>Louer un<\/p>\n<\/div><h2 class='av-special-heading-tag'  itemprop=\"headline\"  >Studio<\/h2><div class=\"special-heading-border\"><div class=\"special-heading-inner-border\"><\/div><\/div><\/div><\/div><\/div><!--close column table wrapper. Autoclose: 1 --><div class='flex_column_table av-js1ggb1a-c4c74aa7c44c1eb826a9568f10c88900 sc-av_one_half av-equal-height-column-flextable'><div class='av-flex-placeholder'><\/div>\n<style type=\"text\/css\" data-created_by=\"avia_inline_auto\" id=\"style-css-av-js1ggb1a-c4c74aa7c44c1eb826a9568f10c88900\">\n.flex_column.av-js1ggb1a-c4c74aa7c44c1eb826a9568f10c88900{\nborder-radius:20px 20px 20px 20px;\npadding:20px 20px 20px 20px;\n}\n<\/style>\n<div  class='flex_column av-js1ggb1a-c4c74aa7c44c1eb826a9568f10c88900 av_one_half flex_column_table_cell av-equal-height-column av-align-middle  '     ><section  class='av_textblock_section av-js1gg4je-e60d10e1fb5daf2982abb35d441954f5 '   itemscope=\"itemscope\" itemtype=\"https:\/\/schema.org\/CreativeWork\" ><div class='avia_textblock'  itemprop=\"text\" ><p><span style=\"font-weight: 400;\">En manque d\u2019un espace propice \u00e0 la cr\u00e9ation? Demandez \u00e0 louer un studio d\u2019artiste et venez cr\u00e9er avec nous!<\/span><\/p>\n<\/div><\/section><\/div><\/div><!--close column table wrapper. Autoclose: 1 -->\n","protected":false},"excerpt":{"rendered":"","protected":false},"author":1,"featured_media":0,"parent":0,"menu_order":0,"comment_status":"open","ping_status":"open","template":"","meta":{"_exactmetrics_skip_tracking":false,"_exactmetrics_sitenote_active":false,"_exactmetrics_sitenote_note":"","_exactmetrics_sitenote_category":0,"footnotes":""},"yst_prominent_words":[],"class_list":["post-74","page","type-page","status-publish","hentry"],"_links":{"self":[{"href":"https:\/\/lakazart.com\/fr\/wp-json\/wp\/v2\/pages\/74","targetHints":{"allow":["GET"]}}],"collection":[{"href":"https:\/\/lakazart.com\/fr\/wp-json\/wp\/v2\/pages"}],"about":[{"href":"https:\/\/lakazart.com\/fr\/wp-json\/wp\/v2\/types\/page"}],"author":[{"embeddable":true,"href":"https:\/\/lakazart.com\/fr\/wp-json\/wp\/v2\/users\/1"}],"replies":[{"embeddable":true,"href":"https:\/\/lakazart.com\/fr\/wp-json\/wp\/v2\/comments?post=74"}],"version-history":[{"count":20,"href":"https:\/\/lakazart.com\/fr\/wp-json\/wp\/v2\/pages\/74\/revisions"}],"predecessor-version":[{"id":1205,"href":"https:\/\/lakazart.com\/fr\/wp-json\/wp\/v2\/pages\/74\/revisions\/1205"}],"wp:attachment":[{"href":"https:\/\/lakazart.com\/fr\/wp-json\/wp\/v2\/media?parent=74"}],"wp:term":[{"taxonomy":"yst_prominent_words","embeddable":true,"href":"https:\/\/lakazart.com\/fr\/wp-json\/wp\/v2\/yst_prominent_words?post=74"}],"curies":[{"name":"wp","href":"https:\/\/api.w.org\/{rel}","templated":true}]}}