{"id":3573,"date":"2019-06-06T11:50:27","date_gmt":"2019-06-06T07:50:27","guid":{"rendered":"https:\/\/lakazart.com\/conditions-generales-de-vente-et-dutilisation\/"},"modified":"2019-06-06T11:51:56","modified_gmt":"2019-06-06T07:51:56","slug":"conditions-generales-de-vente-et-dutilisation","status":"publish","type":"page","link":"https:\/\/lakazart.com\/fr\/conditions-generales-de-vente-et-dutilisation\/","title":{"rendered":"Conditions g\u00e9n\u00e9rales de vente et d\u2019utilisation"},"content":{"rendered":"\n<style type=\"text\/css\" data-created_by=\"avia_inline_auto\" id=\"style-css-av-20vbh1-8467c55ebd8db98b4d930a0c64e2f735\">\n.flex_column.av-20vbh1-8467c55ebd8db98b4d930a0c64e2f735{\nborder-radius:0px 0px 0px 0px;\npadding:0px 0px 0px 0px;\n}\n<\/style>\n<div  class='flex_column av-20vbh1-8467c55ebd8db98b4d930a0c64e2f735 av_one_full  avia-builder-el-0  avia-builder-el-no-sibling  first flex_column_div av-zero-column-padding  '     ><p>\n<style type=\"text\/css\" data-created_by=\"avia_inline_auto\" id=\"style-css-av-2twexh-f56af8d0e4509ff6eba6de9e80784d1a\">\n#top .av-special-heading.av-2twexh-f56af8d0e4509ff6eba6de9e80784d1a{\npadding-bottom:10px;\n}\nbody .av-special-heading.av-2twexh-f56af8d0e4509ff6eba6de9e80784d1a .av-special-heading-tag .heading-char{\nfont-size:25px;\n}\n.av-special-heading.av-2twexh-f56af8d0e4509ff6eba6de9e80784d1a .av-subheading{\nfont-size:15px;\n}\n<\/style>\n<div  class='av-special-heading av-2twexh-f56af8d0e4509ff6eba6de9e80784d1a av-special-heading-h1 blockquote modern-quote modern-centered  avia-builder-el-1  el_before_av_hr  avia-builder-el-first '><h1 class='av-special-heading-tag'  itemprop=\"headline\"  >Conditions g\u00e9n\u00e9rales de vente et d\u2019utilisation<\/h1><div class=\"special-heading-border\"><div class=\"special-heading-inner-border\"><\/div><\/div><\/div><br \/>\n\n<style type=\"text\/css\" data-created_by=\"avia_inline_auto\" id=\"style-css-av-jwka9tdy-18dfd15e020e45f50b1fe4c268e43426\">\n#top .hr.hr-invisible.av-jwka9tdy-18dfd15e020e45f50b1fe4c268e43426{\nheight:50px;\n}\n<\/style>\n<div  class='hr av-jwka9tdy-18dfd15e020e45f50b1fe4c268e43426 hr-invisible  avia-builder-el-2  el_after_av_heading  el_before_av_textblock '><span class='hr-inner '><span class=\"hr-inner-style\"><\/span><\/span><\/div><br \/>\n<section  class='av_textblock_section av-jwka99rq-fc704d47f41e2fd7a9d235e488959ed5 '   itemscope=\"itemscope\" itemtype=\"https:\/\/schema.org\/CreativeWork\" ><div class='avia_textblock'  itemprop=\"text\" ><p><span style=\"font-weight: 400;\">Bienvenue \u00e0 Lakaz d&rsquo;Art!<\/span><\/p>\n<p><span style=\"font-weight: 400;\">Les pr\u00e9sentes conditions g\u00e9n\u00e9rales de ventes et d\u2019utilisations d\u00e9crivent les r\u00e8gles et r\u00e9glementations relatives \u00e0 l\u2019utilisation du site Web de Lakaz d\u2019Art LTD, situ\u00e9es \u00e0 l\u2019adresse https:\/\/lakazart.com.<\/span><\/p>\n<p><span style=\"font-weight: 400;\">En acc\u00e9dant \u00e0 ce site Web, vous acceptez ces termes et conditions. Ne continuez pas \u00e0 utiliser le site Web de Lakaz d&rsquo;Art si vous n\u2019acceptez pas de respecter toutes les conditions \u00e9nonc\u00e9es sur cette page.<\/span><\/p>\n<p><span style=\"font-weight: 400;\">La terminologie suivante s\u2019applique aux pr\u00e9sentes conditions g\u00e9n\u00e9rales, \u00e0 la d\u00e9claration de confidentialit\u00e9, \u00e0 la clause de non-responsabilit\u00e9 et \u00e0 tous les contrats: \u00abClient\u00bb, \u00abvous\u00bb et \u00abvotre\u00bb font r\u00e9f\u00e9rence \u00e0 vous, la personne qui se connecte sur ce site Web et qui est conforme aux conditions g\u00e9n\u00e9rales de la soci\u00e9t\u00e9. \u00abLa soci\u00e9t\u00e9\u00bb, \u00abnous-m\u00eames\u00bb, \u00abnous\u00bb, \u00abnotre\u00bb et \u00abnous\u00bb d\u00e9signent notre soci\u00e9t\u00e9. \u00abPartie\u00bb, \u00abParties\u00bb ou \u00abNous\u00bb font r\u00e9f\u00e9rence \u00e0 la fois au client et \u00e0 nous-m\u00eames. Tous les termes font r\u00e9f\u00e9rence \u00e0 l&rsquo;offre, \u00e0 l&rsquo;acceptation et au paiement n\u00e9cessaire pour entreprendre le processus de notre assistance au client de la mani\u00e8re la plus appropri\u00e9e dans le but expr\u00e8s de r\u00e9pondre aux besoins du client en ce qui concerne la fourniture des services indiqu\u00e9s de la Soci\u00e9t\u00e9, conform\u00e9ment \u00e0 et soumis \u00e0 la loi en vigueur \u00e0 Maurice. Toute utilisation de la terminologie ci-dessus ou d&rsquo;autres mots au singulier, au pluriel, en majuscules et \/ ou il \/ elle ou ils sont consid\u00e9r\u00e9s comme interchangeables et par cons\u00e9quent comme d\u00e9signant ces termes.<\/span><\/p>\n<p><b>Magasin en ligne<\/b><\/p>\n<p><b>PRIX<\/b><\/p>\n<p><span style=\"font-weight: 400;\">Les prix affich\u00e9s sur le site sont garantis au moment de la commande dans la limite des stocks disponibles. Les prix sont exprim\u00e9s en roupies mauriciennes (Rs) et valables \u00e0 Maurice.<\/span><\/p>\n<p><span style=\"font-weight: 400;\">Lakaz d&rsquo;art se r\u00e9serve le droit de modifier le prix de ses produits \u00e0 tout moment.<\/span><\/p>\n<p><b>Commande<\/b><\/p>\n<p><span style=\"font-weight: 400;\">Pour commander sur www.lakazart.com, l&rsquo;acheteur doit suivre les \u00e9tapes suivantes:<\/span><\/p>\n<p><span style=\"font-weight: 400;\">&#8211; l&rsquo;acheteur s\u00e9lectionne les produits de son choix et les ajoute \u00e0 son panier,<\/span><\/p>\n<p><span style=\"font-weight: 400;\">&#8211; une fois que tous les articles sont dans le panier, l&rsquo;acheteur valide son panier,<\/span><\/p>\n<p><span style=\"font-weight: 400;\">&#8211; l&rsquo;acheteur s&rsquo;identifie ou cr\u00e9e un compte,<\/span><\/p>\n<p><span style=\"font-weight: 400;\">&#8211; l&rsquo;acheteur choisit le mode de paiement,<\/span><\/p>\n<p><span style=\"font-weight: 400;\">&#8211; L&rsquo;Acheteur re\u00e7oit alors de Lakaz d&rsquo;art un email confirmant sa commande.<\/span><\/p>\n<p><span style=\"font-weight: 400;\">&#8211; L&rsquo;acheteur a 10 jours pour payer sa commande, apr\u00e8s quoi la commande sera annul\u00e9e.<\/span><\/p>\n<p><span style=\"font-weight: 400;\">La vente ne sera conclue qu&rsquo;apr\u00e8s la confirmation de la commande et le paiement. Le courrier \u00e9lectronique de confirmation de la commande signifie l&rsquo;acceptation par Lakaz d&rsquo;art de la commande de l&rsquo;acheteur et constitue ainsi le contrat de vente entre les parties.<\/span><\/p>\n<p><b>MODALIT\u00c9S DE PAIEMENT<\/b><\/p>\n<p><span style=\"font-weight: 400;\">L&rsquo;Acheteur s&rsquo;engage \u00e0 payer le montant total de tous les produits command\u00e9s sur <\/span><a href=\"https:\/\/lakazart.com\/fr\/\"><span style=\"font-weight: 400;\">www.lakazart.com<\/span><\/a><\/p>\n<p><span style=\"font-weight: 400;\">Apr\u00e8s la confirmation de la commande, le paiement int\u00e9gral du prix est d\u00fb dans les 10 jours.<\/span><\/p>\n<p><span style=\"font-weight: 400;\">L&rsquo;acheteur peut soit:<\/span><\/p>\n<p><span style=\"font-weight: 400;\">&#8211; Payer en esp\u00e8ces ou par ch\u00e8que lorsqu\u2019il vient chercher la commande<\/span><\/p>\n<p><span style=\"font-weight: 400;\">Ou<\/span><\/p>\n<p><span style=\"font-weight: 400;\">&#8211; Payer par virement bancaire direct ou par Juice:<\/span><\/p>\n<p><span style=\"font-weight: 400;\">Compte MCB: 000446160164<\/span><\/p>\n<p><span style=\"font-weight: 400;\">IBAN: MU32MCBL0944000446160164000MUR<\/span><\/p>\n<p><span style=\"font-weight: 400;\">Veuillez utiliser le num\u00e9ro de commande comme r\u00e9f\u00e9rence de paiement.<\/span><\/p>\n<p><b>COLLECTION DE COMMANDE<\/b><\/p>\n<p><span style=\"font-weight: 400;\">Aucune livraison, toutes les commandes doivent \u00eatre r\u00e9cup\u00e9r\u00e9es \u00e0 Lakaz d\u2019Art, 45 rue St Georges, Port Louis.<\/span><\/p>\n<p><b>Cookies<\/b><\/p>\n<p><span style=\"font-weight: 400;\">Nous utilisons des cookies. En acc\u00e9dant au site Web de Lakaz d&rsquo;Art, vous avez accept\u00e9 d&rsquo;utiliser des cookies conform\u00e9ment \u00e0 la politique de confidentialit\u00e9 de Lakaz d\u2019Art.<\/span><\/p>\n<p><span style=\"font-weight: 400;\">La plupart des sites Web interactifs utilisent des cookies pour nous permettre de r\u00e9cup\u00e9rer les informations de l&rsquo;utilisateur \u00e0 chaque visite. Les cookies sont utilis\u00e9s par notre site Web pour permettre la fonctionnalit\u00e9 de certaines zones afin de faciliter la t\u00e2che des personnes visitant notre site. Certains de nos partenaires publicitaires \/ affili\u00e9s peuvent \u00e9galement utiliser des cookies.<\/span><\/p>\n<p><b>Propri\u00e9t\u00e9 intellectuelle<\/b><\/p>\n<p><span style=\"font-weight: 400;\">Sauf indication contraire, Lakaz d\u2019Art LTD d\u00e9tient les droits de propri\u00e9t\u00e9 intellectuelle sur tout le contenu du site Web de Lakaz d\u2019Art. Tous les droits de propri\u00e9t\u00e9 intellectuelle sont r\u00e9serv\u00e9s. Vous pouvez y acc\u00e9der depuis le site Web de Lakaz d&rsquo;Art pour votre usage personnel, sous r\u00e9serve des restrictions d\u00e9finies dans les pr\u00e9sentes conditions g\u00e9n\u00e9rales.<\/span><\/p>\n<p><span style=\"font-weight: 400;\">Il ne faut pas:<\/span><\/p>\n<ul>\n<li style=\"font-weight: 400;\"><span style=\"font-weight: 400;\">Publier du contenu de Lakaz d&rsquo;Art<\/span><\/li>\n<li style=\"font-weight: 400;\"><span style=\"font-weight: 400;\">Vendre, louer ou sous-licencier du contenu de Lakaz d&rsquo;Art<\/span><\/li>\n<li style=\"font-weight: 400;\"><span style=\"font-weight: 400;\">Reproduire, dupliquer ou copier du contenu de Lakaz d&rsquo;Art<\/span><\/li>\n<li style=\"font-weight: 400;\"><span style=\"font-weight: 400;\">Redistribuer le contenu de Lakaz d&rsquo;Art<\/span><\/li>\n<\/ul>\n<p><span style=\"font-weight: 400;\">Certaines parties de ce site offrent aux utilisateurs la possibilit\u00e9 d\u2019afficher et d\u2019\u00e9changer des opinions et des informations dans certaines zones du site. Lakaz d\u2019Art LTD ne filtre pas, ne modifie pas, ne publie pas et ne v\u00e9rifie pas les Commentaires avant leur pr\u00e9sence sur le site. Les commentaires ne refl\u00e8tent pas les vues et opinions de Lakaz d\u2019Art LTD, de ses agents et \/ ou de ses filiales. Les commentaires refl\u00e8tent les points de vue et les opinions de la personne qui affiche ses points de vue et ses opinions. Dans la mesure permise par les lois applicables, Lakaz d&rsquo;Art LTD ne pourra \u00eatre tenu responsable des commentaires ni de toute responsabilit\u00e9, dommages ou d\u00e9penses caus\u00e9s et \/ ou subis du fait de l&rsquo;utilisation et \/ ou de l&rsquo;affichage et \/ ou de l&rsquo;apparence des commentaires sur ce site.<\/span><\/p>\n<p><span style=\"font-weight: 400;\">Lakaz d\u2019Art LTD se r\u00e9serve le droit de mod\u00e9rer tous les commentaires et de supprimer ceux qui pourraient \u00eatre consid\u00e9r\u00e9s comme inappropri\u00e9s, offensants ou susceptibles de constituer une violation des pr\u00e9sentes conditions g\u00e9n\u00e9rales.<\/span><\/p>\n<p><span style=\"font-weight: 400;\">Vous garantissez et d\u00e9clarez que:<\/span><\/p>\n<ul>\n<li style=\"font-weight: 400;\"><span style=\"font-weight: 400;\">Les commentaires n\u2019enfreignent aucun droit de propri\u00e9t\u00e9 intellectuelle, y compris, sans limitation, le droit d&rsquo;auteur, ou marque d\u00e9pos\u00e9e;<\/span><\/li>\n<li style=\"font-weight: 400;\"><span style=\"font-weight: 400;\">Les commentaires ne contiennent aucun contenu diffamatoire, calomnieux, offensant, ind\u00e9cent ou autrement ill\u00e9gal qui constitue une atteinte \u00e0 la vie priv\u00e9e.<\/span><\/li>\n<li style=\"font-weight: 400;\"><span style=\"font-weight: 400;\">Les commentaires ne seront pas utilis\u00e9s pour solliciter ou promouvoir des entreprises ou des usages, ni pr\u00e9senter des activit\u00e9s commerciales ou des activit\u00e9s ill\u00e9gales.<\/span><\/li>\n<\/ul>\n<p><span style=\"font-weight: 400;\">Par la pr\u00e9sente, vous accordez \u00e0 Lakaz d\u2019Art LTD une licence non exclusive vous permettant d\u2019utiliser, de reproduire, d\u2019\u00e9diter et d\u2019autoriser d\u2019autres personnes \u00e0 utiliser, reproduire et \u00e9diter tous vos Commentaires, quels que soient leur forme, leur format ou leur support.<\/span><\/p>\n<p><b>LIENS HYPERTEXTES<\/b><\/p>\n<p><span style=\"font-weight: 400;\">Les organisations suivantes peuvent cr\u00e9er un lien vers notre site Web sans autorisation \u00e9crite pr\u00e9alable:<\/span><\/p>\n<ul>\n<li style=\"font-weight: 400;\"><span style=\"font-weight: 400;\">Organismes gouvernementaux;<\/span><\/li>\n<li style=\"font-weight: 400;\"><span style=\"font-weight: 400;\">Moteurs de recherche;<\/span><\/li>\n<li style=\"font-weight: 400;\"><span style=\"font-weight: 400;\">Organismes de presse;<\/span><\/li>\n<li style=\"font-weight: 400;\"><span style=\"font-weight: 400;\">Les distributeurs d&rsquo;annuaires en ligne peuvent cr\u00e9er un lien vers notre site Web de la m\u00eame mani\u00e8re qu&rsquo;un lien hypertexte vers les sites Web d&rsquo;autres entreprises.<\/span><\/li>\n<\/ul>\n<p><span style=\"font-weight: 400;\">Ces organisations peuvent cr\u00e9er un lien vers notre page d&rsquo;accueil, des publications ou d&rsquo;autres informations du site Web \u00e0 condition que le lien: (a) ne soit en aucun cas trompeur; (b) n&rsquo;implique pas un parrainage, un soutien ou un accord avec ce site, ses produits et \/ ou services.<\/span><\/p>\n<p><span style=\"font-weight: 400;\">Nous pouvons prendre en compte et approuver d&rsquo;autres demandes de liens \u00e9manant des types d&rsquo;organisations suivants:<\/span><\/p>\n<ul>\n<li style=\"font-weight: 400;\"><span style=\"font-weight: 400;\">sources d&rsquo;information sur les consommateurs et \/ ou les entreprises commun\u00e9ment connues;<\/span><\/li>\n<li style=\"font-weight: 400;\"><span style=\"font-weight: 400;\">sites de la communaut\u00e9 dot.com;<\/span><\/li>\n<li style=\"font-weight: 400;\"><span style=\"font-weight: 400;\">associations ou autres groupes repr\u00e9sentant des \u0153uvres de bienfaisance;<\/span><\/li>\n<li style=\"font-weight: 400;\"><span style=\"font-weight: 400;\">distributeurs de r\u00e9pertoires en ligne;<\/span><\/li>\n<li style=\"font-weight: 400;\"><span style=\"font-weight: 400;\">portails internet;<\/span><\/li>\n<li style=\"font-weight: 400;\"><span style=\"font-weight: 400;\">cabinets comptables, juridiques et de conseil; et<\/span><\/li>\n<li style=\"font-weight: 400;\"><span style=\"font-weight: 400;\">les \u00e9tablissements d&rsquo;enseignement et les associations professionnelles.<\/span><\/li>\n<\/ul>\n<p><span style=\"font-weight: 400;\">Nous approuverons les demandes de lien de ces organisations si nous d\u00e9cidons que: (a) le lien ne nous pr\u00e9sente pas de mani\u00e8re d\u00e9favorable ni nos entreprises accr\u00e9dit\u00e9es; (b) l\u2019organisation n\u2019a aucun contentieux avec nous.<\/span><\/p>\n<p><span style=\"font-weight: 400;\">Ces organisations peuvent cr\u00e9er un lien vers notre page d&rsquo;accueil tant que le lien: (a) n&rsquo;est en aucun cas trompeur; (b) n&rsquo;implique pas faussement un parrainage, un soutien ou un accord ce site, ses produits et \/ ou services.<\/span><\/p>\n<p><span style=\"font-weight: 400;\">Si vous \u00eates l\u2019une des organisations \u00e9num\u00e9r\u00e9es au paragraphe 2 ci-dessus et que vous souhaitez ajouter un lien vers notre site Web, vous devez nous en informer en envoyant un courrier \u00e9lectronique \u00e0 info@lakazart.com. Veuillez inclure votre nom, le nom de votre organisation, vos coordonn\u00e9es, ainsi que l\u2019URL de votre site, une liste des URL \u00e0 partir desquelles vous souhaitez cr\u00e9er un lien vers notre site Web et une liste des URL de notre site auxquelles vous souhaitez acc\u00e9der. \u00a0Veuillez attendre 2-3 semaines pour une r\u00e9ponse.<\/span><\/p>\n<p><span style=\"font-weight: 400;\">Les organisations approuv\u00e9es peuvent cr\u00e9er un hyperlien vers notre site Web comme suit:<\/span><\/p>\n<ul>\n<li style=\"font-weight: 400;\"><span style=\"font-weight: 400;\">En utilisant notre d\u00e9nomination sociale; ou<\/span><\/li>\n<li style=\"font-weight: 400;\"><span style=\"font-weight: 400;\">En utilisant toute autre description de notre site Web, tant que celle ci rentre dans le contexte et le format du site de la partie qui fait le lien.<\/span><\/li>\n<\/ul>\n<p><span style=\"font-weight: 400;\">Aucune utilisation du logo de Lakaz d\u2019Art LTD ni d\u2019autres \u0153uvres d\u2019art ne sera autoris\u00e9e pour faire le lien en l&rsquo;absence d&rsquo;un accord de notre part.<\/span><\/p>\n<p><b>iFrames<\/b><\/p>\n<p><span style=\"font-weight: 400;\">Sans autorisation pr\u00e9alable et autorisation \u00e9crite, vous ne pouvez pas reprendre notre contenu par l&rsquo;interm\u00e9diaire d\u2019Iframe en modifiant de quelque mani\u00e8re que ce soit la pr\u00e9sentation visuelle ou l&rsquo;apparence de notre site Web.<\/span><\/p>\n<p><b>Responsabilit\u00e9 du contenu<\/b><\/p>\n<p><span style=\"font-weight: 400;\">Nous ne serons pas tenus responsables du contenu figurant sur votre site Web. Vous acceptez de nous prot\u00e9ger et de nous d\u00e9fendre contre toutes les r\u00e9clamations qui apparaissent sur votre site Web. Aucun lien ne doit appara\u00eetre sur un site Web qui puisse \u00eatre interpr\u00e9t\u00e9 comme diffamatoire, obsc\u00e8ne ou criminel, ou qui enfreint, viole de quelque mani\u00e8re que ce soit, ou pr\u00e9conise une infraction ou une autre violation des droits de tiers.<\/span><\/p>\n<p><b>Donn\u00e9es Personnelles<\/b><\/p>\n<p><span style=\"font-weight: 400;\">Les donne\u0301es personnelles de l\u2019Utilisateur sont collecte\u0301es et conserve\u0301es par Lakaz d\u2019Art LTD \u00a0\u00e0 des fins pr\u00e9determin\u00e9es et l\u00e9gitimes.<\/span><\/p>\n<p><span style=\"font-weight: 400;\">L\u2019utilisateur dispose d\u2019un droit d\u2019acce\u0300s, de modification, de rectification et de suppression des donne\u0301es a\u0300 caracte\u0300re personnel le concernant traite\u0301es via le Site, ainsi que du droit de s\u2019opposer a\u0300 la communication de ces donne\u0301es a\u0300 des tiers pour de justes motifs en adressant une demande a\u0300 l\u2019adresse suivante : \u200b<\/span><span style=\"font-weight: 400;\">info@lakazart.com .<\/span><\/p>\n<p><span style=\"font-weight: 400;\">Lakaz d\u2019Art se re\u0301serve le droit de conserver certaines donne\u0301es afin de justifier, le cas e\u0301che\u0301ant de la parfaite exe\u0301cution de ses obligations contractuelles ou le\u0301gales. Les donne\u0301es<\/span> <span style=\"font-weight: 400;\">ainsi conserve\u0301es seront limite\u0301es a\u0300 ce qui est strictement ne\u0301cessaire a\u0300 l\u2019exploitation du service.<\/span><\/p>\n<p><span style=\"font-weight: 400;\">Lakaz d\u2019Art LTD s\u2019engage a\u0300 mettre toutes les mesures en place permettant de prote\u0301ger au mieu la confidentialite\u0301 des informations fournies par l\u2019Utilisateur.<\/span><\/p>\n<p><b>R\u00e9serve de droits<\/b><\/p>\n<p><span style=\"font-weight: 400;\">Nous nous r\u00e9servons le droit de vous demander de supprimer tous les liens ou tout lien particulier vers notre site Web. Vous acceptez de supprimer imm\u00e9diatement tous les liens vers notre site Web sur demande. Nous nous r\u00e9servons \u00e9galement le droit de modifier les pr\u00e9sentes conditions g\u00e9n\u00e9rales \u00e0 tout moment. En vous connectant en permanence \u00e0 notre site Web, vous acceptez d&rsquo;\u00eatre li\u00e9 \u00e0 et de suivre les pr\u00e9sentes conditions g\u00e9n\u00e9rales.<\/span><\/p>\n<p><b>Suppression des liens de notre site Web<\/b><\/p>\n<p><span style=\"font-weight: 400;\">Si vous trouvez un lien offensant sur notre site Web pour quelque raison que ce soit, vous \u00eates libre de nous contacter et de nous en informer \u00e0 tout moment. Nous examinerons les demandes de suppression de liens, mais nous ne sommes pas oblig\u00e9s de vous r\u00e9pondre directement.<\/span><\/p>\n<p><span style=\"font-weight: 400;\">Nous ne nous assurons pas que les informations sur ce site sont correctes, nous ne garantissons pas leur exhaustivit\u00e9 ou leur exactitude; nous ne promettons pas non plus que le site Web reste disponible ou que le contenu du site Web soit tenu \u00e0 jour.<\/span><\/p>\n<p><b>Avertissement<\/b><\/p>\n<p><span style=\"font-weight: 400;\">Tant que le site Web, les informations et les services propos\u00e9s sur le site Web sont fournis gratuitement, nous ne serons pas responsables des pertes ou dommages de quelque nature que ce soit.<\/span><\/p>\n<\/div><\/section><\/p><\/div>\n","protected":false},"excerpt":{"rendered":"","protected":false},"author":2,"featured_media":0,"parent":0,"menu_order":0,"comment_status":"closed","ping_status":"closed","template":"","meta":{"_exactmetrics_skip_tracking":false,"_exactmetrics_sitenote_active":false,"_exactmetrics_sitenote_note":"","_exactmetrics_sitenote_category":0,"footnotes":""},"yst_prominent_words":[],"class_list":["post-3573","page","type-page","status-publish","hentry"],"_links":{"self":[{"href":"https:\/\/lakazart.com\/fr\/wp-json\/wp\/v2\/pages\/3573","targetHints":{"allow":["GET"]}}],"collection":[{"href":"https:\/\/lakazart.com\/fr\/wp-json\/wp\/v2\/pages"}],"about":[{"href":"https:\/\/lakazart.com\/fr\/wp-json\/wp\/v2\/types\/page"}],"author":[{"embeddable":true,"href":"https:\/\/lakazart.com\/fr\/wp-json\/wp\/v2\/users\/2"}],"replies":[{"embeddable":true,"href":"https:\/\/lakazart.com\/fr\/wp-json\/wp\/v2\/comments?post=3573"}],"version-history":[{"count":2,"href":"https:\/\/lakazart.com\/fr\/wp-json\/wp\/v2\/pages\/3573\/revisions"}],"predecessor-version":[{"id":3576,"href":"https:\/\/lakazart.com\/fr\/wp-json\/wp\/v2\/pages\/3573\/revisions\/3576"}],"wp:attachment":[{"href":"https:\/\/lakazart.com\/fr\/wp-json\/wp\/v2\/media?parent=3573"}],"wp:term":[{"taxonomy":"yst_prominent_words","embeddable":true,"href":"https:\/\/lakazart.com\/fr\/wp-json\/wp\/v2\/yst_prominent_words?post=3573"}],"curies":[{"name":"wp","href":"https:\/\/api.w.org\/{rel}","templated":true}]}}