{"id":1650,"date":"2019-04-03T15:32:21","date_gmt":"2019-04-03T11:32:21","guid":{"rendered":"https:\/\/lakazart.com\/cart-2\/"},"modified":"2019-06-07T13:44:29","modified_gmt":"2019-06-07T09:44:29","slug":"panier-2","status":"publish","type":"page","link":"https:\/\/lakazart.com\/fr\/panier-2\/","title":{"rendered":"Panier"},"content":{"rendered":"<p><img loading=\"lazy\" decoding=\"async\" class=\"size-full wp-image-2045 aligncenter\" src=\"https:\/\/lakazart.com\/wp-content\/uploads\/2019\/05\/pointer-spot-tool-for-maps.png\" alt=\"\" width=\"32\" height=\"32\" \/><\/p>\n<p style=\"text-align: center;\"><strong>Pas de livraison<\/strong>, toute commande doit \u00eatre retir\u00e9e \u00e0\u00a0<a href=\"https:\/\/goo.gl\/maps\/a1SmKLHdqkcvA1y18\" target=\"_blank\" rel=\"noopener noreferrer\">Lakaz d&rsquo;Art, 45 St Georges Street, Port Louis<\/a>.<\/p>\n<h2 style=\"text-align: center; margin-bottom: 30px;\">Votre Panier<\/h2>\n\n","protected":false},"excerpt":{"rendered":"<p>Pas de livraison, toute commande doit \u00eatre retir\u00e9e \u00e0\u00a0Lakaz d&rsquo;Art, 45 St Georges Street, Port Louis. Votre Panier<\/p>\n","protected":false},"author":1,"featured_media":0,"parent":0,"menu_order":0,"comment_status":"closed","ping_status":"closed","template":"","meta":{"_exactmetrics_skip_tracking":false,"_exactmetrics_sitenote_active":false,"_exactmetrics_sitenote_note":"","_exactmetrics_sitenote_category":0,"footnotes":""},"yst_prominent_words":[351,350,349],"class_list":["post-1650","page","type-page","status-publish","hentry"],"_links":{"self":[{"href":"https:\/\/lakazart.com\/fr\/wp-json\/wp\/v2\/pages\/1650","targetHints":{"allow":["GET"]}}],"collection":[{"href":"https:\/\/lakazart.com\/fr\/wp-json\/wp\/v2\/pages"}],"about":[{"href":"https:\/\/lakazart.com\/fr\/wp-json\/wp\/v2\/types\/page"}],"author":[{"embeddable":true,"href":"https:\/\/lakazart.com\/fr\/wp-json\/wp\/v2\/users\/1"}],"replies":[{"embeddable":true,"href":"https:\/\/lakazart.com\/fr\/wp-json\/wp\/v2\/comments?post=1650"}],"version-history":[{"count":3,"href":"https:\/\/lakazart.com\/fr\/wp-json\/wp\/v2\/pages\/1650\/revisions"}],"predecessor-version":[{"id":3898,"href":"https:\/\/lakazart.com\/fr\/wp-json\/wp\/v2\/pages\/1650\/revisions\/3898"}],"wp:attachment":[{"href":"https:\/\/lakazart.com\/fr\/wp-json\/wp\/v2\/media?parent=1650"}],"wp:term":[{"taxonomy":"yst_prominent_words","embeddable":true,"href":"https:\/\/lakazart.com\/fr\/wp-json\/wp\/v2\/yst_prominent_words?post=1650"}],"curies":[{"name":"wp","href":"https:\/\/api.w.org\/{rel}","templated":true}]}}