{"id":16064,"date":"2020-07-06T09:57:45","date_gmt":"2020-07-06T05:57:45","guid":{"rendered":"https:\/\/lakazart.com\/workshop\/"},"modified":"2020-08-11T21:20:38","modified_gmt":"2020-08-11T17:20:38","slug":"workshop","status":"publish","type":"page","link":"https:\/\/lakazart.com\/fr\/workshop\/","title":{"rendered":"Workshop"},"content":{"rendered":"\n<style type=\"text\/css\" data-created_by=\"avia_inline_auto\" id=\"style-css-av-18pazih-bb41eb0924cff2a2923e7b2fde820683\">\n.flex_column.av-18pazih-bb41eb0924cff2a2923e7b2fde820683{\nborder-radius:0px 0px 0px 0px;\npadding:0px 0px 0px 0px;\n}\n<\/style>\n<div  class='flex_column av-18pazih-bb41eb0924cff2a2923e7b2fde820683 av_one_fifth  avia-builder-el-0  el_before_av_three_fifth  avia-builder-el-first  first flex_column_div av-zero-column-padding  '     ><\/div>\n\n<style type=\"text\/css\" data-created_by=\"avia_inline_auto\" id=\"style-css-av-2no0dah-86afd6eeabb0df1ba211d7676ece703c\">\n.flex_column.av-2no0dah-86afd6eeabb0df1ba211d7676ece703c{\nborder-radius:0px 0px 0px 0px;\npadding:0px 0px 0px 0px;\n}\n<\/style>\n<div  class='flex_column av-2no0dah-86afd6eeabb0df1ba211d7676ece703c av_three_fifth  avia-builder-el-1  el_after_av_one_fifth  el_before_av_one_fifth  flex_column_div av-zero-column-padding  '     ><style type=\"text\/css\" data-created_by=\"avia_inline_auto\" id=\"style-css-av-kaqo48c9-e352ca907ef2e68a27a7a1c7b92da6d2\">\n.avia-image-container.av-kaqo48c9-e352ca907ef2e68a27a7a1c7b92da6d2 img.avia_image{\nbox-shadow:none;\n}\n.avia-image-container.av-kaqo48c9-e352ca907ef2e68a27a7a1c7b92da6d2 .av-image-caption-overlay-center{\ncolor:#ffffff;\n}\n<\/style>\n<div  class='avia-image-container av-kaqo48c9-e352ca907ef2e68a27a7a1c7b92da6d2 av-styling- avia-align-center  avia-builder-el-2  avia-builder-el-no-sibling '   itemprop=\"image\" itemscope=\"itemscope\" itemtype=\"https:\/\/schema.org\/ImageObject\" ><div class=\"avia-image-container-inner\"><div class=\"avia-image-overlay-wrap\"><img class='wp-image-16306 avia-img-lazy-loading-not-16306 avia_image ' src='https:\/\/lakazart.com\/wp-content\/uploads\/2020\/08\/116127074_2588978898029107_5224792413942246243_n.jpg?v=1698058248' alt='' title='116127074_2588978898029107_5224792413942246243_n'  height=\"540\" width=\"960\"  itemprop=\"thumbnailUrl\"  \/><\/div><\/div><\/div><\/div>\n\n<style type=\"text\/css\" data-created_by=\"avia_inline_auto\" id=\"style-css-av-18pazih-6308a783903a235947d05f96756a0592\">\n.flex_column.av-18pazih-6308a783903a235947d05f96756a0592{\nborder-radius:0px 0px 0px 0px;\npadding:0px 0px 0px 0px;\n}\n<\/style>\n<div  class='flex_column av-18pazih-6308a783903a235947d05f96756a0592 av_one_fifth  avia-builder-el-3  el_after_av_three_fifth  el_before_av_one_full  flex_column_div av-zero-column-padding  '     ><\/div>\n\n<style type=\"text\/css\" data-created_by=\"avia_inline_auto\" id=\"style-css-av-17ev6bt-95da26eb6bb30b728a2c794e30eb01a6\">\n.flex_column.av-17ev6bt-95da26eb6bb30b728a2c794e30eb01a6{\nborder-radius:0px 0px 0px 0px;\npadding:0px 0px 0px 0px;\n}\n<\/style>\n<div  class='flex_column av-17ev6bt-95da26eb6bb30b728a2c794e30eb01a6 av_one_full  avia-builder-el-4  el_after_av_one_fifth  el_before_av_hr  first flex_column_div av-zero-column-padding  column-top-margin'     ><style type=\"text\/css\" data-created_by=\"avia_inline_auto\" id=\"style-css-av-kdq6w88f-c4727284c409ade270d9ff455c9da6de\">\n#top .av-special-heading.av-kdq6w88f-c4727284c409ade270d9ff455c9da6de{\npadding-bottom:10px;\n}\nbody .av-special-heading.av-kdq6w88f-c4727284c409ade270d9ff455c9da6de .av-special-heading-tag .heading-char{\nfont-size:25px;\n}\n.av-special-heading.av-kdq6w88f-c4727284c409ade270d9ff455c9da6de .av-subheading{\nfont-size:15px;\n}\n<\/style>\n<div  class='av-special-heading av-kdq6w88f-c4727284c409ade270d9ff455c9da6de av-special-heading-h4 blockquote modern-quote modern-centered  avia-builder-el-5  avia-builder-el-no-sibling  av-linked-heading'><h4 class='av-special-heading-tag'  itemprop=\"headline\"  >\u00ab\u00a0Happy Birthday to Andy Wahrol\u00a0\u00bb<\/h4><div class='av-subheading av-subheading_below'><p>Avec Kamila Hurnaum<\/p>\n<\/div><div class=\"special-heading-border\"><div class=\"special-heading-inner-border\"><\/div><\/div><\/div><\/div>\n\n<style type=\"text\/css\" data-created_by=\"avia_inline_auto\" id=\"style-css-av-kaqs44mw-a1610b514d7076caf516f99d2e1f5853\">\n#top .hr.hr-invisible.av-kaqs44mw-a1610b514d7076caf516f99d2e1f5853{\nheight:50px;\n}\n<\/style>\n<div  class='hr av-kaqs44mw-a1610b514d7076caf516f99d2e1f5853 hr-invisible  avia-builder-el-6  el_after_av_one_full  el_before_av_three_fifth '><span class='hr-inner '><span class=\"hr-inner-style\"><\/span><\/span><\/div>\n\n<style type=\"text\/css\" data-created_by=\"avia_inline_auto\" id=\"style-css-av-1zngtrd-9554de0cf91dcb8029c8160af2866805\">\n.flex_column.av-1zngtrd-9554de0cf91dcb8029c8160af2866805{\nborder-radius:0px 0px 0px 0px;\npadding:0px 0px 0px 0px;\n}\n<\/style>\n<div  class='flex_column av-1zngtrd-9554de0cf91dcb8029c8160af2866805 av_three_fifth  avia-builder-el-7  el_after_av_hr  el_before_av_two_fifth  first flex_column_div av-zero-column-padding  '     ><style type=\"text\/css\" data-created_by=\"avia_inline_auto\" id=\"style-css-av-kaqo6jm3-9e0753f2c3a0c373bcd6d56b24fdb4a4\">\n#top .av_textblock_section.av-kaqo6jm3-9e0753f2c3a0c373bcd6d56b24fdb4a4 .avia_textblock{\ncolor:#000000;\n}\n<\/style>\n<section  class='av_textblock_section av-kaqo6jm3-9e0753f2c3a0c373bcd6d56b24fdb4a4 '   itemscope=\"itemscope\" itemtype=\"https:\/\/schema.org\/CreativeWork\" ><div class='avia_textblock av_inherit_color'  itemprop=\"text\" ><h5>DESCRIPTION<\/h5>\n<p><strong>Pour c\u00e9l\u00e9brer l\u2019anniversaire de l\u2019artiste am\u00e9ricain Andy Warhol n\u00e9 le 6 ao\u00fbt 1928, embarquez avec nous pour l\u2019atelier \u2018\u2019Happy Birthday to Andy Warhol\u2019\u2019 !<\/strong><\/p>\n<p><strong>Avec Kamila Hurnaum, vous d\u00e9couvrirez l\u2019univers d\u00e9cal\u00e9 et en couleur d\u2019Andy Warhol. Vous apprendrez \u00e9galement les bases du pop art, mouvement artistique des ann\u00e9es 60. Le tout sera revisit\u00e9 \u00e0 la sauce mauricienne pour une exp\u00e9rience interactive et ludique ! Pas d\u2019aptitude requise.<\/strong><\/p>\n<h5><\/h5>\n<\/div><\/section><br \/>\n\n<style type=\"text\/css\" data-created_by=\"avia_inline_auto\" id=\"style-css-av-kaqo6jm3-f4dc5c7c1c541170cba761c86d448306\">\n#top .av_textblock_section.av-kaqo6jm3-f4dc5c7c1c541170cba761c86d448306 .avia_textblock{\ncolor:#000000;\n}\n<\/style>\n<section  class='av_textblock_section av-kaqo6jm3-f4dc5c7c1c541170cba761c86d448306 '   itemscope=\"itemscope\" itemtype=\"https:\/\/schema.org\/CreativeWork\" ><div class='avia_textblock main_color strong alternate_color strong invalid-custom-class-found invalid-custom-class-found invalid-custom-class-found invalid-custom-class-found invalid-custom-class-found color inherit invalid-custom-class-found invalid-custom-class-found invalid-custom-class-found invalid-custom-class-found font-weight bolderimportant invalid-custom-class-found av_inherit_color'  itemprop=\"text\" ><p><strong>Dur\u00e9e:<\/strong> 3 heures<\/p>\n<p><strong>Prix:<\/strong> 600 MUR<\/p>\n<p><strong>Date:<\/strong> Le samedi 29 ao\u00fbt<\/p>\n<p><strong>Heures:<\/strong> De 10h \u00e0 13h<\/p>\n<\/div><\/section><\/p><\/div>\n\n<style type=\"text\/css\" data-created_by=\"avia_inline_auto\" id=\"style-css-av-o2c5pl-470725603e00099f974a0020ebfc3b99\">\n.flex_column.av-o2c5pl-470725603e00099f974a0020ebfc3b99{\nborder-radius:0px 0px 0px 0px;\npadding:0px 0px 0px 0px;\n}\n<\/style>\n<div  class='flex_column av-o2c5pl-470725603e00099f974a0020ebfc3b99 av_two_fifth  avia-builder-el-10  el_after_av_three_fifth  avia-builder-el-last  flex_column_div av-zero-column-padding  '     ><p>\n<style type=\"text\/css\" data-created_by=\"avia_inline_auto\" id=\"style-css-av-kaqs44mw-415d4d8330eae03a56f4f89afd792078\">\n#top .hr.hr-invisible.av-kaqs44mw-415d4d8330eae03a56f4f89afd792078{\nheight:50px;\n}\n<\/style>\n<div  class='hr av-kaqs44mw-415d4d8330eae03a56f4f89afd792078 hr-invisible  avia-builder-el-11  el_before_av_hr  avia-builder-el-first '><span class='hr-inner '><span class=\"hr-inner-style\"><\/span><\/span><\/div><br \/>\n\n<style type=\"text\/css\" data-created_by=\"avia_inline_auto\" id=\"style-css-av-kaqs44mw-415d4d8330eae03a56f4f89afd792078\">\n#top .hr.hr-invisible.av-kaqs44mw-415d4d8330eae03a56f4f89afd792078{\nheight:50px;\n}\n<\/style>\n<div  class='hr av-kaqs44mw-415d4d8330eae03a56f4f89afd792078 hr-invisible  avia-builder-el-12  el_after_av_hr  el_before_av_button '><span class='hr-inner '><span class=\"hr-inner-style\"><\/span><\/span><\/div><br \/>\n<div  class='avia-button-wrap av-kaqpz6jw-e8eff24c2b935148097443b29a15f4f2-wrap avia-button-center  avia-builder-el-13  el_after_av_hr  avia-builder-el-last '><a href='https:\/\/forms.gle\/tp4zSayNStHFtVu6A?fbclid=IwAR3m1CiR1-i8Opkv1cjUU6rKDg-bAyT2BJaoa3jJMEhSXvYYifUz0YN9CJI' class='avia-button av-kaqpz6jw-e8eff24c2b935148097443b29a15f4f2 avia-icon_select-yes-left-icon avia-size-x-large avia-position-center avia-color-theme-color' target=\"_blank\" rel=\"noopener noreferrer\"><span class='avia_button_icon avia_button_icon_left' aria-hidden='true' data-av_icon='\ue84c' data-av_iconfont='entypo-fontello'><\/span><span class='avia_iconbox_title' >Register Now!<\/span><\/a><\/div><\/p><\/div>\n","protected":false},"excerpt":{"rendered":"","protected":false},"author":2,"featured_media":16317,"parent":0,"menu_order":0,"comment_status":"closed","ping_status":"closed","template":"","meta":{"_exactmetrics_skip_tracking":false,"_exactmetrics_sitenote_active":false,"_exactmetrics_sitenote_note":"","_exactmetrics_sitenote_category":0,"footnotes":""},"yst_prominent_words":[],"class_list":["post-16064","page","type-page","status-publish","has-post-thumbnail","hentry"],"_links":{"self":[{"href":"https:\/\/lakazart.com\/fr\/wp-json\/wp\/v2\/pages\/16064","targetHints":{"allow":["GET"]}}],"collection":[{"href":"https:\/\/lakazart.com\/fr\/wp-json\/wp\/v2\/pages"}],"about":[{"href":"https:\/\/lakazart.com\/fr\/wp-json\/wp\/v2\/types\/page"}],"author":[{"embeddable":true,"href":"https:\/\/lakazart.com\/fr\/wp-json\/wp\/v2\/users\/2"}],"replies":[{"embeddable":true,"href":"https:\/\/lakazart.com\/fr\/wp-json\/wp\/v2\/comments?post=16064"}],"version-history":[{"count":8,"href":"https:\/\/lakazart.com\/fr\/wp-json\/wp\/v2\/pages\/16064\/revisions"}],"predecessor-version":[{"id":16315,"href":"https:\/\/lakazart.com\/fr\/wp-json\/wp\/v2\/pages\/16064\/revisions\/16315"}],"wp:featuredmedia":[{"embeddable":true,"href":"https:\/\/lakazart.com\/fr\/wp-json\/wp\/v2\/media\/16317"}],"wp:attachment":[{"href":"https:\/\/lakazart.com\/fr\/wp-json\/wp\/v2\/media?parent=16064"}],"wp:term":[{"taxonomy":"yst_prominent_words","embeddable":true,"href":"https:\/\/lakazart.com\/fr\/wp-json\/wp\/v2\/yst_prominent_words?post=16064"}],"curies":[{"name":"wp","href":"https:\/\/api.w.org\/{rel}","templated":true}]}}