{"id":15268,"date":"2020-06-10T15:20:22","date_gmt":"2020-06-10T11:20:22","guid":{"rendered":"https:\/\/lakazart.com\/ateliers-en-ligne\/"},"modified":"2020-06-10T16:29:31","modified_gmt":"2020-06-10T12:29:31","slug":"ateliers-en-ligne","status":"publish","type":"page","link":"https:\/\/lakazart.com\/fr\/ateliers-en-ligne\/","title":{"rendered":"Ateliers en ligne"},"content":{"rendered":"\n<style type=\"text\/css\" data-created_by=\"avia_inline_auto\" id=\"style-css-av-68de2cr-e3c5afd3cb9b5909fed808e7615bce12\">\n.flex_column.av-68de2cr-e3c5afd3cb9b5909fed808e7615bce12{\nborder-radius:0px 0px 0px 0px;\npadding:0px 0px 0px 0px;\n}\n<\/style>\n<div  class='flex_column av-68de2cr-e3c5afd3cb9b5909fed808e7615bce12 av_one_full  avia-builder-el-0  el_before_av_one_full  avia-builder-el-first  first flex_column_div av-zero-column-padding  '     ><style type=\"text\/css\" data-created_by=\"avia_inline_auto\" id=\"style-css-av-kaz7w7r5-469b5632b55d661629742361181708ab\">\n#top .av-special-heading.av-kaz7w7r5-469b5632b55d661629742361181708ab{\npadding-bottom:10px;\n}\nbody .av-special-heading.av-kaz7w7r5-469b5632b55d661629742361181708ab .av-special-heading-tag .heading-char{\nfont-size:25px;\n}\n.av-special-heading.av-kaz7w7r5-469b5632b55d661629742361181708ab .av-subheading{\nfont-size:15px;\n}\n<\/style>\n<div  class='av-special-heading av-kaz7w7r5-469b5632b55d661629742361181708ab av-special-heading-h3 blockquote modern-quote modern-centered  avia-builder-el-1  avia-builder-el-no-sibling '><h3 class='av-special-heading-tag'  itemprop=\"headline\"  >Ateliers en ligne<\/h3><div class=\"special-heading-border\"><div class=\"special-heading-inner-border\"><\/div><\/div><\/div><\/div>\n\n<style type=\"text\/css\" data-created_by=\"avia_inline_auto\" id=\"style-css-av-29iwm4w-66fe84e7905f324bc016c59d9cf426a1\">\n.flex_column.av-29iwm4w-66fe84e7905f324bc016c59d9cf426a1{\nborder-radius:0px 0px 0px 0px;\npadding:0px 0px 0px 0px;\n}\n<\/style>\n<div  class='flex_column av-29iwm4w-66fe84e7905f324bc016c59d9cf426a1 av_one_full  avia-builder-el-2  el_after_av_one_full  el_before_av_one_third  first flex_column_div av-zero-column-padding  column-top-margin'     ><\/div>\n\n<style type=\"text\/css\" data-created_by=\"avia_inline_auto\" id=\"style-css-av-5phrrbf-373ffdb07dbb07df5ad3c06d3ba5fbc5\">\n.flex_column.av-5phrrbf-373ffdb07dbb07df5ad3c06d3ba5fbc5{\nborder-radius:0px 0px 0px 0px;\npadding:0px 0px 0px 0px;\n}\n<\/style>\n<div  class='flex_column av-5phrrbf-373ffdb07dbb07df5ad3c06d3ba5fbc5 av_one_third  avia-builder-el-3  el_after_av_one_full  el_before_av_one_third  first flex_column_div av-zero-column-padding  column-top-margin'     ><p>\n<style type=\"text\/css\" data-created_by=\"avia_inline_auto\" id=\"style-css-av-ip750r-9ab6af0b9476c09aa022a7669ac61da4\">\n.avia-image-container.av-ip750r-9ab6af0b9476c09aa022a7669ac61da4 img.avia_image{\nbox-shadow:none;\n}\n.avia-image-container.av-ip750r-9ab6af0b9476c09aa022a7669ac61da4 .av-image-caption-overlay-center{\ncolor:#ffffff;\n}\n<\/style>\n<div  class='avia-image-container av-ip750r-9ab6af0b9476c09aa022a7669ac61da4 av-styling- avia-align-center  avia-builder-el-4  el_before_av_heading  avia-builder-el-first '   itemprop=\"image\" itemscope=\"itemscope\" itemtype=\"https:\/\/schema.org\/ImageObject\" ><div class=\"avia-image-container-inner\"><div class=\"avia-image-overlay-wrap\"><a href=\"https:\/\/lakazart.com\/fr\/hack-the-creative-mind\/\" class='avia_image'  target=\"_blank\"  rel=\"noopener noreferrer\" aria-label='Workshop'><img class='wp-image-14998 avia-img-lazy-loading-not-14998 avia_image ' src='https:\/\/lakazart.com\/wp-content\/uploads\/2020\/06\/Workshop.jpg?v=1698058317' alt='' title='Workshop'  height=\"496\" width=\"496\"  itemprop=\"thumbnailUrl\"  \/><\/a><\/div><\/div><\/div><br \/>\n\n<style type=\"text\/css\" data-created_by=\"avia_inline_auto\" id=\"style-css-av-av_heading-466fce33bdd5e8635450ec631dd02108\">\n#top .av-special-heading.av-av_heading-466fce33bdd5e8635450ec631dd02108{\npadding-bottom:10px;\n}\nbody .av-special-heading.av-av_heading-466fce33bdd5e8635450ec631dd02108 .av-special-heading-tag .heading-char{\nfont-size:25px;\n}\n.av-special-heading.av-av_heading-466fce33bdd5e8635450ec631dd02108 .av-subheading{\nfont-size:15px;\n}\n<\/style>\n<div  class='av-special-heading av-av_heading-466fce33bdd5e8635450ec631dd02108 av-special-heading-h5  avia-builder-el-5  el_after_av_image  el_before_av_textblock  av-linked-heading'><h5 class='av-special-heading-tag'  itemprop=\"headline\"  ><a class=\"av-heading-link\" href=\"https:\/\/lakazart.com\/hack-the-creative-mind\/\" target=\"_blank\" rel=\"noopener noreferrer\">HACK THE CREATIVE MIND<\/a><\/h5><div class=\"special-heading-border\"><div class=\"special-heading-inner-border\"><\/div><\/div><\/div><br \/>\n<section  class='av_textblock_section av-4bov07f-5f846447a54688e4e4027decb9ecc814 '   itemscope=\"itemscope\" itemtype=\"https:\/\/schema.org\/CreativeWork\" ><div class='avia_textblock'  itemprop=\"text\" ><p>Qu&rsquo;est ce que la cr\u00e9tivit\u00e9 ? Et comment puis-je booster ma confiance cr\u00e9ative ?<\/p>\n<\/div><\/section><br \/>\n\n<style type=\"text\/css\" data-created_by=\"avia_inline_auto\" id=\"style-css-av-kaz8pggp-cc451b3f3b1e68e3a119b9ed57c284fc\">\n#top .hr.hr-invisible.av-kaz8pggp-cc451b3f3b1e68e3a119b9ed57c284fc{\nheight:20px;\n}\n<\/style>\n<div  class='hr av-kaz8pggp-cc451b3f3b1e68e3a119b9ed57c284fc hr-invisible  avia-builder-el-7  el_after_av_textblock  el_before_av_button '><span class='hr-inner '><span class=\"hr-inner-style\"><\/span><\/span><\/div><br \/>\n<div  class='avia-button-wrap av-kaz8m7ly-b0843b05c0b2ddcb886b4c729549e88f-wrap avia-button-center  avia-builder-el-8  el_after_av_hr  avia-builder-el-last '><a href='https:\/\/lakazart.com\/fr\/hack-the-creative-mind\/'  class='avia-button av-kaz8m7ly-b0843b05c0b2ddcb886b4c729549e88f avia-icon_select-no avia-size-large avia-position-center avia-color-theme-color'  target=\"_blank\"  rel=\"noopener noreferrer\" ><span class='avia_iconbox_title' >En savoir plus<\/span><\/a><\/div><\/p><\/div>\n<style type=\"text\/css\" data-created_by=\"avia_inline_auto\" id=\"style-css-av-5phrrbf-f48dd12da8978565d15d646c28ae011e\">\n.flex_column.av-5phrrbf-f48dd12da8978565d15d646c28ae011e{\nborder-radius:0px 0px 0px 0px;\npadding:0px 0px 0px 0px;\n}\n<\/style>\n<div  class='flex_column av-5phrrbf-f48dd12da8978565d15d646c28ae011e av_one_third  avia-builder-el-9  el_after_av_one_third  el_before_av_one_third  flex_column_div av-zero-column-padding  column-top-margin'     ><p>\n<style type=\"text\/css\" data-created_by=\"avia_inline_auto\" id=\"style-css-av-ip750r-67b7ecb2199492e1f7a7d7a45978acfc\">\n.avia-image-container.av-ip750r-67b7ecb2199492e1f7a7d7a45978acfc img.avia_image{\nbox-shadow:none;\n}\n.avia-image-container.av-ip750r-67b7ecb2199492e1f7a7d7a45978acfc .av-image-caption-overlay-center{\ncolor:#ffffff;\n}\n<\/style>\n<div  class='avia-image-container av-ip750r-67b7ecb2199492e1f7a7d7a45978acfc av-styling- avia-align-center  avia-builder-el-10  el_before_av_heading  avia-builder-el-first '   itemprop=\"image\" itemscope=\"itemscope\" itemtype=\"https:\/\/schema.org\/ImageObject\" ><div class=\"avia-image-container-inner\"><div class=\"avia-image-overlay-wrap\"><a href=\"https:\/\/lakazart.com\/fr\/creative-cultivation\/\" class='avia_image'  target=\"_blank\"  rel=\"noopener noreferrer\" aria-label='Workshop-2'><img class='wp-image-14977 avia-img-lazy-loading-not-14977 avia_image ' src='https:\/\/lakazart.com\/wp-content\/uploads\/2020\/06\/Workshop-2.jpg?v=1698058318' alt='' title='Workshop-2'  height=\"496\" width=\"496\"  itemprop=\"thumbnailUrl\"  \/><\/a><\/div><\/div><\/div><br \/>\n\n<style type=\"text\/css\" data-created_by=\"avia_inline_auto\" id=\"style-css-av-av_heading-ca2f37589adb70a318362f7a9d9a5c6d\">\n#top .av-special-heading.av-av_heading-ca2f37589adb70a318362f7a9d9a5c6d{\npadding-bottom:10px;\n}\nbody .av-special-heading.av-av_heading-ca2f37589adb70a318362f7a9d9a5c6d .av-special-heading-tag .heading-char{\nfont-size:25px;\n}\n.av-special-heading.av-av_heading-ca2f37589adb70a318362f7a9d9a5c6d .av-subheading{\nfont-size:15px;\n}\n<\/style>\n<div  class='av-special-heading av-av_heading-ca2f37589adb70a318362f7a9d9a5c6d av-special-heading-h5  avia-builder-el-11  el_after_av_image  el_before_av_textblock  av-linked-heading'><h5 class='av-special-heading-tag'  itemprop=\"headline\"  ><a class=\"av-heading-link\" href=\"https:\/\/lakazart.com\/creative-cultivation\/\" target=\"_blank\" rel=\"noopener noreferrer\">CREATIVE CULTIVATION<\/a><\/h5><div class=\"special-heading-border\"><div class=\"special-heading-inner-border\"><\/div><\/div><\/div><br \/>\n<section  class='av_textblock_section av-4bov07f-5f846447a54688e4e4027decb9ecc814 '   itemscope=\"itemscope\" itemtype=\"https:\/\/schema.org\/CreativeWork\" ><div class='avia_textblock'  itemprop=\"text\" ><p>Qu&rsquo;est ce que l&rsquo;art th\u00e9rapie ? Et comment puis-je en b\u00e9n\u00e9ficier dans ma vie personnelle ?<\/p>\n<\/div><\/section><br \/>\n\n<style type=\"text\/css\" data-created_by=\"avia_inline_auto\" id=\"style-css-av-kaz8pggp-cc451b3f3b1e68e3a119b9ed57c284fc\">\n#top .hr.hr-invisible.av-kaz8pggp-cc451b3f3b1e68e3a119b9ed57c284fc{\nheight:20px;\n}\n<\/style>\n<div  class='hr av-kaz8pggp-cc451b3f3b1e68e3a119b9ed57c284fc hr-invisible  avia-builder-el-13  el_after_av_textblock  el_before_av_button '><span class='hr-inner '><span class=\"hr-inner-style\"><\/span><\/span><\/div><br \/>\n<div  class='avia-button-wrap av-kaz8m7ly-ff32518298ce2cf57eebb24c2de977dc-wrap avia-button-center  avia-builder-el-14  el_after_av_hr  avia-builder-el-last '><a href='https:\/\/lakazart.com\/fr\/creative-cultivation\/'  class='avia-button av-kaz8m7ly-ff32518298ce2cf57eebb24c2de977dc avia-icon_select-no avia-size-large avia-position-center avia-color-theme-color'  target=\"_blank\"  rel=\"noopener noreferrer\" ><span class='avia_iconbox_title' >En savoir plus<\/span><\/a><\/div><\/p><\/div>\n<style type=\"text\/css\" data-created_by=\"avia_inline_auto\" id=\"style-css-av-5phrrbf-f48dd12da8978565d15d646c28ae011e\">\n.flex_column.av-5phrrbf-f48dd12da8978565d15d646c28ae011e{\nborder-radius:0px 0px 0px 0px;\npadding:0px 0px 0px 0px;\n}\n<\/style>\n<div  class='flex_column av-5phrrbf-f48dd12da8978565d15d646c28ae011e av_one_third  avia-builder-el-15  el_after_av_one_third  el_before_av_hr  flex_column_div av-zero-column-padding  column-top-margin'     ><p>\n<style type=\"text\/css\" data-created_by=\"avia_inline_auto\" id=\"style-css-av-ip750r-14ae1731d8c838d1de950a4dc961b570\">\n.avia-image-container.av-ip750r-14ae1731d8c838d1de950a4dc961b570 img.avia_image{\nbox-shadow:none;\n}\n.avia-image-container.av-ip750r-14ae1731d8c838d1de950a4dc961b570 .av-image-caption-overlay-center{\ncolor:#ffffff;\n}\n<\/style>\n<div  class='avia-image-container av-ip750r-14ae1731d8c838d1de950a4dc961b570 av-styling- avia-align-center  avia-builder-el-16  el_before_av_heading  avia-builder-el-first '   itemprop=\"image\" itemscope=\"itemscope\" itemtype=\"https:\/\/schema.org\/ImageObject\" ><div class=\"avia-image-container-inner\"><div class=\"avia-image-overlay-wrap\"><a href=\"https:\/\/lakazart.com\/fr\/auto-resilience-creativity-through-the-permaculture-keyhole\/\" class='avia_image'  target=\"_blank\"  rel=\"noopener noreferrer\" aria-label='Workshop-3'><img class='wp-image-14948 avia-img-lazy-loading-not-14948 avia_image ' src='https:\/\/lakazart.com\/wp-content\/uploads\/2020\/05\/Workshop-3-1.jpg?v=1698058322' alt='' title='Workshop-3'  height=\"496\" width=\"496\"  itemprop=\"thumbnailUrl\"  \/><\/a><\/div><\/div><\/div><br \/>\n\n<style type=\"text\/css\" data-created_by=\"avia_inline_auto\" id=\"style-css-av-av_heading-3b27a7b25dbb6dd51c4f0e861b81f52d\">\n#top .av-special-heading.av-av_heading-3b27a7b25dbb6dd51c4f0e861b81f52d{\npadding-bottom:10px;\n}\nbody .av-special-heading.av-av_heading-3b27a7b25dbb6dd51c4f0e861b81f52d .av-special-heading-tag .heading-char{\nfont-size:25px;\n}\n.av-special-heading.av-av_heading-3b27a7b25dbb6dd51c4f0e861b81f52d .av-subheading{\nfont-size:15px;\n}\n<\/style>\n<div  class='av-special-heading av-av_heading-3b27a7b25dbb6dd51c4f0e861b81f52d av-special-heading-h6  avia-builder-el-17  el_after_av_image  el_before_av_textblock  av-linked-heading'><h6 class='av-special-heading-tag'  itemprop=\"headline\"  ><a class=\"av-heading-link\" href=\"https:\/\/lakazart.com\/auto-resilience-creativity-through-the-permaculture-keyhole\/\" target=\"_blank\" rel=\"noopener noreferrer\">AUTO-RESILIENCE <span class='special_amp'>&amp;<\/span> CREATIVITY THROUGH THE PERMACULTURE KEYHOLE<\/a><\/h6><div class=\"special-heading-border\"><div class=\"special-heading-inner-border\"><\/div><\/div><\/div><br \/>\n<section  class='av_textblock_section av-4bov07f-5f846447a54688e4e4027decb9ecc814 '   itemscope=\"itemscope\" itemtype=\"https:\/\/schema.org\/CreativeWork\" ><div class='avia_textblock'  itemprop=\"text\" ><p>Qu&rsquo;est ce que la permaculture ?<span lang=\"fr\">Et comment incarne-t-elle la conception cr\u00e9ative ?<\/span><\/p>\n<\/div><\/section><br \/>\n\n<style type=\"text\/css\" data-created_by=\"avia_inline_auto\" id=\"style-css-av-kaz8pggp-cc451b3f3b1e68e3a119b9ed57c284fc\">\n#top .hr.hr-invisible.av-kaz8pggp-cc451b3f3b1e68e3a119b9ed57c284fc{\nheight:20px;\n}\n<\/style>\n<div  class='hr av-kaz8pggp-cc451b3f3b1e68e3a119b9ed57c284fc hr-invisible  avia-builder-el-19  el_after_av_textblock  el_before_av_button '><span class='hr-inner '><span class=\"hr-inner-style\"><\/span><\/span><\/div><br \/>\n<div  class='avia-button-wrap av-kaz8m7ly-dee0e719645fedaaaa1e8c917437c353-wrap avia-button-center  avia-builder-el-20  el_after_av_hr  avia-builder-el-last '><a href='https:\/\/lakazart.com\/fr\/auto-resilience-creativity-through-the-permaculture-keyhole\/'  class='avia-button av-kaz8m7ly-dee0e719645fedaaaa1e8c917437c353 avia-icon_select-no avia-size-large avia-position-center avia-color-theme-color'  target=\"_blank\"  rel=\"noopener noreferrer\" ><span class='avia_iconbox_title' >En savoir plus<\/span><\/a><\/div><\/p><\/div>\n<style type=\"text\/css\" data-created_by=\"avia_inline_auto\" id=\"style-css-av-kaz8pggp-cc451b3f3b1e68e3a119b9ed57c284fc\">\n#top .hr.hr-invisible.av-kaz8pggp-cc451b3f3b1e68e3a119b9ed57c284fc{\nheight:20px;\n}\n<\/style>\n<div  class='hr av-kaz8pggp-cc451b3f3b1e68e3a119b9ed57c284fc hr-invisible  avia-builder-el-21  el_after_av_one_third  avia-builder-el-last '><span class='hr-inner '><span class=\"hr-inner-style\"><\/span><\/span><\/div><\/p>\n","protected":false},"excerpt":{"rendered":"","protected":false},"author":2,"featured_media":15027,"parent":0,"menu_order":0,"comment_status":"closed","ping_status":"closed","template":"","meta":{"_exactmetrics_skip_tracking":false,"_exactmetrics_sitenote_active":false,"_exactmetrics_sitenote_note":"","_exactmetrics_sitenote_category":0,"footnotes":""},"yst_prominent_words":[989,2314,2311,943,2318,793,636,409,2315,2312,287,2322,2321,2319,2313,2309,2308,1143,651],"class_list":["post-15268","page","type-page","status-publish","has-post-thumbnail","hentry"],"_links":{"self":[{"href":"https:\/\/lakazart.com\/fr\/wp-json\/wp\/v2\/pages\/15268","targetHints":{"allow":["GET"]}}],"collection":[{"href":"https:\/\/lakazart.com\/fr\/wp-json\/wp\/v2\/pages"}],"about":[{"href":"https:\/\/lakazart.com\/fr\/wp-json\/wp\/v2\/types\/page"}],"author":[{"embeddable":true,"href":"https:\/\/lakazart.com\/fr\/wp-json\/wp\/v2\/users\/2"}],"replies":[{"embeddable":true,"href":"https:\/\/lakazart.com\/fr\/wp-json\/wp\/v2\/comments?post=15268"}],"version-history":[{"count":2,"href":"https:\/\/lakazart.com\/fr\/wp-json\/wp\/v2\/pages\/15268\/revisions"}],"predecessor-version":[{"id":15282,"href":"https:\/\/lakazart.com\/fr\/wp-json\/wp\/v2\/pages\/15268\/revisions\/15282"}],"wp:featuredmedia":[{"embeddable":true,"href":"https:\/\/lakazart.com\/fr\/wp-json\/wp\/v2\/media\/15027"}],"wp:attachment":[{"href":"https:\/\/lakazart.com\/fr\/wp-json\/wp\/v2\/media?parent=15268"}],"wp:term":[{"taxonomy":"yst_prominent_words","embeddable":true,"href":"https:\/\/lakazart.com\/fr\/wp-json\/wp\/v2\/yst_prominent_words?post=15268"}],"curies":[{"name":"wp","href":"https:\/\/api.w.org\/{rel}","templated":true}]}}